{"id":8,"date":"2020-05-17T19:28:30","date_gmt":"2020-05-17T19:28:30","guid":{"rendered":"http:\/\/canneslions.do\/?page_id=8"},"modified":"2023-06-04T21:11:55","modified_gmt":"2023-06-05T01:11:55","slug":"nosotros","status":"publish","type":"page","link":"https:\/\/canneslions.do\/index.php\/nosotros\/","title":{"rendered":"Nosotros"},"content":{"rendered":"<p>Representamos Cannes Lions desde el 2005, conseguimos traer el festival a Dominicana con un solo prop\u00f3sito: una mejorar industria.<\/p>\n<p>Hoy despu\u00e9s de casi 15 a\u00f1os, m\u00e1s de 2000 j\u00f3venes creativos han pasado por nuestras competencias y hemos colaborado con ellos en mejorar su nivel.<\/p>\n<p>Superamos los 1000 estudiantes en nuestras academias, que funcionan desde el 2011. Superamos los 100 seniors de marketing y publicidad, que han sido profesores en las academias y los 200 jurados en las competencias.<\/p>\n<p>Antes del 2005 nadie hab\u00eda asistido a Cannes, desde este tiempo m\u00e1s de 250 personas de RD has sido parte del festival. Antes, Dominicana no hab\u00eda ganado ni un Le\u00f3n de Cannes, no se ve\u00eda posible. Hoy son aproximadamente 20 los leones que se han ganado en RD.&nbsp;<\/p>\n<p>Y nuestro mayor orgullo: somos el pa\u00eds m\u00e1s ganador de Young Marketers.<\/p>\n<p>Esto simplemente son n\u00fameros. Hoy podemos decir sin duda que la industria es mejor.<\/p>\n<p>Esto se logr\u00f3 con el apoyo de muchos siendo profesores, clientes y jurados.<\/p>\n<p>Gracias. Estos n\u00fameros no son nuestros, son de quienes lo hicieron posible.<\/p>\n<p><a href=\"http:\/\/canneslions.do\/index.php\/contact\/\" role=\"button\"><br \/>\nCont\u00e1ctanos<br \/>\n<\/a><\/p>\n","protected":false},"excerpt":{"rendered":"<p>Representamos Cannes Lions desde el 2005, conseguimos traer el festival a Dominicana con un solo prop\u00f3sito: una mejorar industria. Hoy despu\u00e9s de casi 15 a\u00f1os, m\u00e1s de 2000 j\u00f3venes creativos han pasado por nuestras competencias y hemos colaborado con ellos en mejorar su nivel. Superamos los 1000 estudiantes en nuestras academias, que funcionan desde el &hellip; <\/p>\n","protected":false},"author":1,"featured_media":0,"parent":0,"menu_order":0,"comment_status":"closed","ping_status":"closed","template":"","meta":{"footnotes":""},"class_list":["post-8","page","type-page","status-publish","hentry"],"_links":{"self":[{"href":"https:\/\/canneslions.do\/index.php\/wp-json\/wp\/v2\/pages\/8","targetHints":{"allow":["GET"]}}],"collection":[{"href":"https:\/\/canneslions.do\/index.php\/wp-json\/wp\/v2\/pages"}],"about":[{"href":"https:\/\/canneslions.do\/index.php\/wp-json\/wp\/v2\/types\/page"}],"author":[{"embeddable":true,"href":"https:\/\/canneslions.do\/index.php\/wp-json\/wp\/v2\/users\/1"}],"replies":[{"embeddable":true,"href":"https:\/\/canneslions.do\/index.php\/wp-json\/wp\/v2\/comments?post=8"}],"version-history":[{"count":20,"href":"https:\/\/canneslions.do\/index.php\/wp-json\/wp\/v2\/pages\/8\/revisions"}],"predecessor-version":[{"id":2609,"href":"https:\/\/canneslions.do\/index.php\/wp-json\/wp\/v2\/pages\/8\/revisions\/2609"}],"wp:attachment":[{"href":"https:\/\/canneslions.do\/index.php\/wp-json\/wp\/v2\/media?parent=8"}],"curies":[{"name":"wp","href":"https:\/\/api.w.org\/{rel}","templated":true}]}}