{"id":3281,"date":"2025-05-01T01:00:30","date_gmt":"2025-05-01T05:00:30","guid":{"rendered":"https:\/\/canneslions.do\/?page_id=3281"},"modified":"2025-05-08T14:53:40","modified_gmt":"2025-05-08T18:53:40","slug":"marketeroftheyear2025","status":"publish","type":"page","link":"https:\/\/canneslions.do\/index.php\/marketeroftheyear2025\/","title":{"rendered":"Marketer of the Year 2025"},"content":{"rendered":"<p><img loading=\"lazy\" decoding=\"async\" width=\"1654\" height=\"1654\" src=\"http:\/\/canneslions.do\/wp-content\/uploads\/2021\/09\/LOGOMYcon-colorin.jpg\" alt=\"\" \/><br \/>\n\t\t\t\t\t\t\t<svg id=\"Layer_1\" xmlns=\"http:\/\/www.w3.org\/2000\/svg\" width=\"48\" height=\"37\" viewBox=\"0 0 48 37\"><path d=\"m37,37c6.07,0,11-4.93,11-11s-4.93-11-11-11c-.32,0-.63.02-.94.05.54-4.81,2.18-9.43,4.79-13.52.19-.31.2-.7.03-1.01-.18-.32-.51-.52-.88-.52h-2c-.27,0-.54.11-.73.31-5.14,5.41-11.27,14.26-11.27,25.69,0,6.07,4.93,10.99,11,11h0Zm-26,0c6.07,0,11-4.93,11-11s-4.93-11-11-11c-.32,0-.63.02-.94.05.54-4.81,2.18-9.43,4.79-13.52.19-.31.2-.7.03-1.01-.18-.32-.51-.52-.87-.52h-2c-.27,0-.54.11-.73.31C6.13,5.72,0,14.57,0,26c0,6.07,4.93,10.99,11,11h0Zm0,0\"\/><\/svg>\t\t\t\t\t\t<\/p>\n<p>En el a\u00f1o 2018 Cannes Dominicana gracias al apoyo de Color\u00edn, decidi\u00f3 premiar la excelencia en marketing, creando el premio m\u00e1s importante del \u00e1rea en nuestro pa\u00eds. Se trata de Marketer of the Year.<\/p>\n<p>Marketer of the Year reconoce la marca o empresa m\u00e1s destacada del a\u00f1o teniendo en cuenta diversos valores como son posicionamiento, servicio al cliente, fortaleza de marca y creatividad en sus campa\u00f1as de comunicaci\u00f3n.<\/p>\n<p>Los ganadores en 2018 fueron Jumbo, 2019 Little Caesars, 2021 Cervecer\u00eda Nacional Dominicana,&nbsp; 2022 Banco BHD, 2023 Grupo Puntacana y 2024 Banreservas.&nbsp;&nbsp;<\/p>\n<h3>\n\t\t\t\t\t\t\t\t\t\tSon los mejores equipos de marketing del a\u00f1o<br \/>\n\t\t\t\t\t\t\t\t<\/h3>\n<p>\t\t\t\t\t\t\t<svg id=\"Layer_1\" xmlns=\"http:\/\/www.w3.org\/2000\/svg\" width=\"48\" height=\"37\" viewBox=\"0 0 48 37\"><path d=\"m37,37c6.07,0,11-4.93,11-11s-4.93-11-11-11c-.32,0-.63.02-.94.05.54-4.81,2.18-9.43,4.79-13.52.19-.31.2-.7.03-1.01-.18-.32-.51-.52-.88-.52h-2c-.27,0-.54.11-.73.31-5.14,5.41-11.27,14.26-11.27,25.69,0,6.07,4.93,10.99,11,11h0Zm-26,0c6.07,0,11-4.93,11-11s-4.93-11-11-11c-.32,0-.63.02-.94.05.54-4.81,2.18-9.43,4.79-13.52.19-.31.2-.7.03-1.01-.18-.32-.51-.52-.87-.52h-2c-.27,0-.54.11-.73.31C6.13,5.72,0,14.57,0,26c0,6.07,4.93,10.99,11,11h0Zm0,0\"\/><\/svg>\t\t\t\t\t\t<\/p>\n<h2>Nominados 2025<\/h2>\n<p>\t\t\t\t\t\t\t\t\t\t<img loading=\"lazy\" decoding=\"async\" width=\"300\" height=\"300\" src=\"http:\/\/canneslions.do\/wp-content\/uploads\/2021\/09\/AlticeLogo_Flat_1Color-03-1-300x300.png\" alt=\"\" \/>\t\t\t\t\t\t\t\t\t<\/p>\n<h3>Altice<\/h3>\n<p><a href=\"https:\/\/canneslions.do\/index.php\/2021\/09\/29\/altice\/\">Altice Dominicana se ha distinguido en el mercado de las telecomunicaciones<\/a><\/p>\n<p>\t\t\t\t\t\t\t\t\t\t<img loading=\"lazy\" decoding=\"async\" width=\"300\" height=\"300\" src=\"http:\/\/canneslions.do\/wp-content\/uploads\/2023\/05\/Asociacion-Cibao-300x300.png\" alt=\"\" \/>\t\t\t\t\t\t\t\t\t<\/p>\n<h3>ACAP<\/h3>\n<p><a href=\"https:\/\/canneslions.do\/index.php\/2021\/10\/11\/acap\/\">En el 2022 celebramos nuestro 60 aniversario cosechando grandes logros: 5.4%<\/a><\/p>\n<p>\t\t\t\t\t\t\t\t\t\t<img loading=\"lazy\" decoding=\"async\" width=\"300\" height=\"300\" src=\"http:\/\/canneslions.do\/wp-content\/uploads\/2023\/05\/apap-300x300.jpg\" alt=\"\" \/>\t\t\t\t\t\t\t\t\t<\/p>\n<h3>APAP<\/h3>\n<p><a href=\"https:\/\/canneslions.do\/index.php\/2023\/05\/05\/apap\/\">APAP durante el 2023, celebr\u00f3 sus 61 aniversario, con uno de los a\u00f1os m\u00e1s retadores y exitosos<\/a><\/p>\n<p>\t\t\t\t\t\t\t\t\t\t<img loading=\"lazy\" decoding=\"async\" width=\"300\" height=\"300\" src=\"http:\/\/canneslions.do\/wp-content\/uploads\/2023\/05\/BHD-300x300.png\" alt=\"\" \/>\t\t\t\t\t\t\t\t\t<\/p>\n<h3>Banco BHD<\/h3>\n<p><a href=\"https:\/\/canneslions.do\/index.php\/2023\/05\/06\/bhd\/\">A trav\u00e9s de nuestras m\u00e1s de cinco d\u00e9cadas de historia, hemos sido precursores en el sector financiero local. <\/a><\/p>\n<p>\t\t\t\t\t\t\t\t\t\t<img loading=\"lazy\" decoding=\"async\" width=\"300\" height=\"300\" src=\"http:\/\/canneslions.do\/wp-content\/uploads\/2023\/05\/Logo-BR-Horizontal-Full-r-300x300.png\" alt=\"\" \/>\t\t\t\t\t\t\t\t\t<\/p>\n<h3>Banreservas<\/h3>\n<p><a href=\"https:\/\/canneslions.do\/index.php\/2023\/05\/06\/banreservas-2\/\">Banreservas se consolida como l\u00edder indiscutible del sector bancario con un trill\u00f3n de activos,<\/a><\/p>\n<p>\t\t\t\t\t\t\t\t\t\t<img loading=\"lazy\" decoding=\"async\" width=\"300\" height=\"300\" src=\"http:\/\/canneslions.do\/wp-content\/uploads\/2024\/04\/CND-Logo-Un-Color-Azul-300x300.png\" alt=\"\" \/>\t\t\t\t\t\t\t\t\t<\/p>\n<h3>CND<\/h3>\n<p><a href=\"https:\/\/canneslions.do\/index.php\/2021\/10\/01\/cerveceria-nacional-dominicana\/\">El a\u00f1o pasado fue un a\u00f1o r\u00e9cord para Cervecer\u00eda Nacional Dominicana.<\/a><\/p>\n<p>\t\t\t\t\t\t\t\t\t\t<img loading=\"lazy\" decoding=\"async\" width=\"300\" height=\"300\" src=\"http:\/\/canneslions.do\/wp-content\/uploads\/2024\/04\/logo-punta-cana-nuevo-cuad-300x300.jpg\" alt=\"\" \/>\t\t\t\t\t\t\t\t\t<\/p>\n<h3>Grupo Puntacana<\/h3>\n<p><a href=\"https:\/\/canneslions.do\/index.php\/2021\/09\/29\/grupo-puntacana\/\">La empresa impulsa el desarrollo econ\u00f3mico de su entorno a trav\u00e9s de una f\u00f3rmula \u00fanica y engranando actividades clave con el aeropuerto<\/a><\/p>\n<p>\t\t\t\t\t\t\t\t\t\t<img loading=\"lazy\" decoding=\"async\" width=\"300\" height=\"300\" src=\"http:\/\/canneslions.do\/wp-content\/uploads\/2024\/04\/LogoGrupoViamar-300x300.png\" alt=\"\" \/>\t\t\t\t\t\t\t\t\t<\/p>\n<h3>Viamar<\/h3>\n<p><a href=\"https:\/\/canneslions.do\/index.php\/2024\/04\/17\/viamar\/\">\u201cMarcando Territorio con Ford Territory\u201d es una promoci\u00f3n dirigida a todas las personas que sean residentes<\/a><\/p>\n<p>\t\t\t\t\t\t\t\t\t\t<img loading=\"lazy\" decoding=\"async\" width=\"300\" height=\"300\" src=\"http:\/\/canneslions.do\/wp-content\/uploads\/2021\/05\/jumbosponsor-1-300x300.png\" alt=\"\" \/>\t\t\t\t\t\t\t\t\t<\/p>\n<h3>Jumbo<\/h3>\n<p><a href=\"https:\/\/canneslions.do\/index.php\/2023\/05\/06\/jumbo\/\">Durante\u00a0estos\u00a020\u00a0a\u00f1os\u00a0Jumbo\u00a0ha\u00a0logrado\u00a0posicionarse\u00a0como\u00a0una\u00a0marca\u00a0cercana,\u00a0divertida,\u00a0disruptiva\u00a0e\u00a0innovadora\u00a0formando<\/a><\/p>\n<p>\t\t\t\t\t\t\t\t\t\t<img loading=\"lazy\" decoding=\"async\" width=\"300\" height=\"300\" src=\"http:\/\/canneslions.do\/wp-content\/uploads\/2025\/05\/sirena-web-1-300x300.jpg\" alt=\"\" \/>\t\t\t\t\t\t\t\t\t<\/p>\n<h3>Jumbo<\/h3>\n<p><a href=\"https:\/\/canneslions.do\/index.php\/2025\/05\/01\/la-sirena\/\">Durante\u00a0estos\u00a020\u00a0a\u00f1os\u00a0Jumbo\u00a0ha\u00a0logrado\u00a0posicionarse\u00a0como\u00a0una\u00a0marca\u00a0cercana,\u00a0divertida,\u00a0disruptiva\u00a0e\u00a0innovadora\u00a0formaLa campa\u00f1a de MES AMARILLO 2024 atrajo un 31%\u00a0<\/a><\/p>\n<p>\t\t\t\t\t\t\t\t\t\t<img loading=\"lazy\" decoding=\"async\" width=\"300\" height=\"300\" src=\"http:\/\/canneslions.do\/wp-content\/uploads\/2023\/05\/Logo-Sistema-Coca-Cola-RD-300x300.png\" alt=\"\" \/>\t\t\t\t\t\t\t\t\t<\/p>\n<h3>Sistema Coca Cola<\/h3>\n<p><a href=\"https:\/\/canneslions.do\/index.php\/2024\/04\/17\/sistema-coca-cola\/\">Es crucial que las empresas en el Caribe prioricen el desarrollo sostenible debido a su<\/a><\/p>\n<p>\t\t\t\t\t\t\t\t\t\t<img loading=\"lazy\" decoding=\"async\" width=\"225\" height=\"225\" src=\"http:\/\/canneslions.do\/wp-content\/uploads\/2025\/05\/bon.png\" alt=\"\" \/>\t\t\t\t\t\t\t\t\t<\/p>\n<h3>Helados Bon<\/h3>\n<p><a href=\"https:\/\/canneslions.do\/index.php\/2025\/05\/02\/helados-bon\/\">Si hay una temporada clave para Bon, es el verano. No solo porque representa en promedio el 40% de nuestras ventas<\/a><br \/>totales sino<\/p>\n<p>\t\t\t\t\t<a href=\"https:\/\/canneslions.do\/index.php\/marketer-of-the-year\/\"><br \/>\n\t\t\t\t\t\t\t\t\tGanador Marketer of the Year 2024<br \/>\n\t\t\t\t\t<\/a><br \/>\n\t\t\t\t\t\t\t\t\t\t\t\t\t\t\t<img loading=\"lazy\" decoding=\"async\" width=\"300\" height=\"300\" src=\"http:\/\/canneslions.do\/wp-content\/uploads\/2021\/12\/LOGOMYcon-colorin-300x300.jpg\" alt=\"\" srcset=\"https:\/\/canneslions.do\/wp-content\/uploads\/2021\/12\/LOGOMYcon-colorin-300x300.jpg 300w, https:\/\/canneslions.do\/wp-content\/uploads\/2021\/12\/LOGOMYcon-colorin-1024x1024.jpg 1024w, https:\/\/canneslions.do\/wp-content\/uploads\/2021\/12\/LOGOMYcon-colorin-150x150.jpg 150w, https:\/\/canneslions.do\/wp-content\/uploads\/2021\/12\/LOGOMYcon-colorin-768x768.jpg 768w, https:\/\/canneslions.do\/wp-content\/uploads\/2021\/12\/LOGOMYcon-colorin-1536x1536.jpg 1536w, https:\/\/canneslions.do\/wp-content\/uploads\/2021\/12\/LOGOMYcon-colorin-860x860.jpg 860w, https:\/\/canneslions.do\/wp-content\/uploads\/2021\/12\/LOGOMYcon-colorin.jpg 1654w\" sizes=\"auto, (max-width: 300px) 100vw, 300px\" \/>\t\t\t\t\t\t\t\t\t\t\t\t\t\t\t<\/p>\n<h2>Es premiado en la Closing Gala<br \/>\n#lanochemasimportante.<br \/>\n<\/h2>\n<p>\t\t\t\t\t\u00a1La cuenta atr\u00e1s ha caducado!<br \/>\n\t\t<a href=\"https:\/\/canneslions.do\/index.php\/2022\/04\/09\/entradas-evento\/\"><br \/>\n\t\t\t\t\t\tASISTIR A LA CLOSING GALA<br \/>\n\t\t<\/a><\/p>\n<figure>\n\t\t\t\t\t\t\t\t\t\t\t<a href=\"https:\/\/canneslions.do\/\"><br \/>\n\t\t\t\t\t\t\t<img loading=\"lazy\" decoding=\"async\" width=\"300\" height=\"138\" src=\"http:\/\/canneslions.do\/wp-content\/uploads\/2024\/04\/Cannes-Lion-10-mas-7-transparencia-en-baja-300x138.png\" alt=\"\" srcset=\"https:\/\/canneslions.do\/wp-content\/uploads\/2024\/04\/Cannes-Lion-10-mas-7-transparencia-en-baja-300x138.png 300w, https:\/\/canneslions.do\/wp-content\/uploads\/2024\/04\/Cannes-Lion-10-mas-7-transparencia-en-baja-768x354.png 768w, https:\/\/canneslions.do\/wp-content\/uploads\/2024\/04\/Cannes-Lion-10-mas-7-transparencia-en-baja.png 1000w\" sizes=\"auto, (max-width: 300px) 100vw, 300px\" \/>\t\t\t\t\t\t\t\t<\/a><figcaption>Back to canneslions.do<\/figcaption><\/figure>\n","protected":false},"excerpt":{"rendered":"<p>En el a\u00f1o 2018 Cannes Dominicana gracias al apoyo de Color\u00edn, decidi\u00f3 premiar la excelencia en marketing, creando el premio m\u00e1s importante del \u00e1rea en nuestro pa\u00eds. Se trata de Marketer of the Year. Marketer of the Year reconoce la marca o empresa m\u00e1s destacada del a\u00f1o teniendo en cuenta diversos valores como son posicionamiento, &hellip; <\/p>\n","protected":false},"author":1,"featured_media":1598,"parent":0,"menu_order":0,"comment_status":"closed","ping_status":"closed","template":"elementor_canvas","meta":{"footnotes":""},"class_list":["post-3281","page","type-page","status-publish","has-post-thumbnail","hentry"],"_links":{"self":[{"href":"https:\/\/canneslions.do\/index.php\/wp-json\/wp\/v2\/pages\/3281","targetHints":{"allow":["GET"]}}],"collection":[{"href":"https:\/\/canneslions.do\/index.php\/wp-json\/wp\/v2\/pages"}],"about":[{"href":"https:\/\/canneslions.do\/index.php\/wp-json\/wp\/v2\/types\/page"}],"author":[{"embeddable":true,"href":"https:\/\/canneslions.do\/index.php\/wp-json\/wp\/v2\/users\/1"}],"replies":[{"embeddable":true,"href":"https:\/\/canneslions.do\/index.php\/wp-json\/wp\/v2\/comments?post=3281"}],"version-history":[{"count":32,"href":"https:\/\/canneslions.do\/index.php\/wp-json\/wp\/v2\/pages\/3281\/revisions"}],"predecessor-version":[{"id":3583,"href":"https:\/\/canneslions.do\/index.php\/wp-json\/wp\/v2\/pages\/3281\/revisions\/3583"}],"wp:featuredmedia":[{"embeddable":true,"href":"https:\/\/canneslions.do\/index.php\/wp-json\/wp\/v2\/media\/1598"}],"wp:attachment":[{"href":"https:\/\/canneslions.do\/index.php\/wp-json\/wp\/v2\/media?parent=3281"}],"curies":[{"name":"wp","href":"https:\/\/api.w.org\/{rel}","templated":true}]}}