{"id":3160,"date":"2025-04-08T13:34:27","date_gmt":"2025-04-08T17:34:27","guid":{"rendered":"https:\/\/canneslions.do\/?page_id=3160"},"modified":"2025-05-28T08:10:49","modified_gmt":"2025-05-28T12:10:49","slug":"the-big-young-2024","status":"publish","type":"page","link":"https:\/\/canneslions.do\/index.php\/the-big-young-2024\/","title":{"rendered":"The BIG Young 2024"},"content":{"rendered":"<h1>The BIG Young 2024<\/h1>\n<h3>Eduardo Garc\u00eda<\/h3>\n<p>\u201c<strong data-start=\"173\" data-end=\"190\">The Big Young<\/strong> reconoce al joven que realiza grandes acciones en la industria. A su corta edad ha logrado profesionalmente muchas metas y contribuye decididamente al mejoramiento de la industria, incluso asesorando a otros que deciden <a style=\"color: inherit; text-decoration: none;\" href=\"https:\/\/ghostwritingmasterarbeit.de\/\">masterarbeit schreiben lassen<\/a> (encargar la redacci\u00f3n de su tesis de maestr\u00eda, en alem\u00e1n).\u201d<\/p>\n<p>El ganador dee The BIG Young 2024 es Eduardo Garcia y fue determinado por un jurado compuesto por los competidores de Young Lions &amp; Marketers<\/p>\n<p>\t\t\t\t\t\t\t\t\t\t\t\t\t\t\t<img loading=\"lazy\" decoding=\"async\" width=\"500\" height=\"500\" src=\"http:\/\/canneslions.do\/wp-content\/uploads\/2021\/08\/Eduardo.jpg\" alt=\"\" srcset=\"https:\/\/canneslions.do\/wp-content\/uploads\/2021\/08\/Eduardo.jpg 500w, https:\/\/canneslions.do\/wp-content\/uploads\/2021\/08\/Eduardo-300x300.jpg 300w, https:\/\/canneslions.do\/wp-content\/uploads\/2021\/08\/Eduardo-150x150.jpg 150w\" sizes=\"auto, (max-width: 500px) 100vw, 500px\" \/>\t\t\t\t\t\t\t\t\t\t\t\t\t\t\t<\/p>\n<p><a href=\"https:\/\/canneslions.do\/index.php\/big\/\">Todos los nominados a The BIG Young 2025<\/a><\/p>\n<p>\t\t\t\t\t\t\t\t\t\t\t\t\t\t\t<img loading=\"lazy\" decoding=\"async\" width=\"300\" height=\"300\" src=\"http:\/\/canneslions.do\/wp-content\/uploads\/2021\/08\/Logotransparente500po0500-300x300.png\" alt=\"\" srcset=\"https:\/\/canneslions.do\/wp-content\/uploads\/2021\/08\/Logotransparente500po0500-300x300.png 300w, https:\/\/canneslions.do\/wp-content\/uploads\/2021\/08\/Logotransparente500po0500-150x150.png 150w, https:\/\/canneslions.do\/wp-content\/uploads\/2021\/08\/Logotransparente500po0500.png 500w\" sizes=\"auto, (max-width: 300px) 100vw, 300px\" \/><\/p>\n","protected":false},"excerpt":{"rendered":"<p>The BIG Young 2024 Eduardo Garc\u00eda \u201cThe Big Young reconoce al joven que realiza grandes acciones en la industria. A su corta edad ha logrado profesionalmente muchas metas y contribuye decididamente al mejoramiento de la industria, incluso asesorando a otros que deciden masterarbeit schreiben lassen (encargar la redacci\u00f3n de su tesis de maestr\u00eda, en alem\u00e1n).\u201d &hellip; <\/p>\n","protected":false},"author":1,"featured_media":917,"parent":0,"menu_order":0,"comment_status":"closed","ping_status":"closed","template":"","meta":{"footnotes":""},"class_list":["post-3160","page","type-page","status-publish","has-post-thumbnail","hentry"],"_links":{"self":[{"href":"https:\/\/canneslions.do\/index.php\/wp-json\/wp\/v2\/pages\/3160","targetHints":{"allow":["GET"]}}],"collection":[{"href":"https:\/\/canneslions.do\/index.php\/wp-json\/wp\/v2\/pages"}],"about":[{"href":"https:\/\/canneslions.do\/index.php\/wp-json\/wp\/v2\/types\/page"}],"author":[{"embeddable":true,"href":"https:\/\/canneslions.do\/index.php\/wp-json\/wp\/v2\/users\/1"}],"replies":[{"embeddable":true,"href":"https:\/\/canneslions.do\/index.php\/wp-json\/wp\/v2\/comments?post=3160"}],"version-history":[{"count":13,"href":"https:\/\/canneslions.do\/index.php\/wp-json\/wp\/v2\/pages\/3160\/revisions"}],"predecessor-version":[{"id":3768,"href":"https:\/\/canneslions.do\/index.php\/wp-json\/wp\/v2\/pages\/3160\/revisions\/3768"}],"wp:featuredmedia":[{"embeddable":true,"href":"https:\/\/canneslions.do\/index.php\/wp-json\/wp\/v2\/media\/917"}],"wp:attachment":[{"href":"https:\/\/canneslions.do\/index.php\/wp-json\/wp\/v2\/media?parent=3160"}],"curies":[{"name":"wp","href":"https:\/\/api.w.org\/{rel}","templated":true}]}}