{"id":1973,"date":"2022-05-10T16:15:10","date_gmt":"2022-05-10T20:15:10","guid":{"rendered":"http:\/\/canneslions.do\/?page_id=1973"},"modified":"2025-05-28T07:50:27","modified_gmt":"2025-05-28T11:50:27","slug":"marketer-of-the-year","status":"publish","type":"page","link":"https:\/\/canneslions.do\/index.php\/marketer-of-the-year\/","title":{"rendered":"Marketer of the Year"},"content":{"rendered":"<h1>Marketer of the Year 2024<\/h1>\n<h3>Banreservas<\/h3>\n<p><strong data-start=\"145\" data-end=\"181\">Marketer of the Year por Color\u00edn<\/strong> es el premio m\u00e1s importante que se entrega a una empresa o marca en Rep\u00fablica Dominicana. Se eval\u00faan la creatividad, la responsabilidad social empresarial, estrategias y el posicionamiento de mercado, incluso cuando se trata de temas educativos como <a style=\"color: inherit; text-decoration: none;\" href=\"https:\/\/hausarbeit-schreiben.com\/masterarbeit-schreiben-lassen-kosten\/\">masterarbeit schreiben lassen<\/a> (que significa \u00abencargar la redacci\u00f3n de una tesis de maestr\u00eda\u00bb en alem\u00e1n).<\/p>\n<p>El ganador 2024 es Banreservas<\/p>\n<p><a href=\"https:\/\/canneslions.do\/index.php\/2023\/05\/06\/banreservas-2\/\" target=\"_blank\" rel=\"noopener\">En este link puede ver las acciones de Banreservas.<\/a><\/p>\n<p>\t\t\t\t\t\t\t\t\t\t\t\t\t\t\t<img loading=\"lazy\" decoding=\"async\" width=\"830\" height=\"560\" src=\"http:\/\/canneslions.do\/wp-content\/uploads\/2021\/09\/fachada-torre-Banreservas-5mb6.jpg\" alt=\"\" srcset=\"https:\/\/canneslions.do\/wp-content\/uploads\/2021\/09\/fachada-torre-Banreservas-5mb6.jpg 1000w, https:\/\/canneslions.do\/wp-content\/uploads\/2021\/09\/fachada-torre-Banreservas-5mb6-300x203.jpg 300w, https:\/\/canneslions.do\/wp-content\/uploads\/2021\/09\/fachada-torre-Banreservas-5mb6-768x518.jpg 768w\" sizes=\"auto, (max-width: 830px) 100vw, 830px\" \/><br \/>\n\t\t\t\t\t\t\t\t\t\t\t\t\t\t\t<img loading=\"lazy\" decoding=\"async\" width=\"830\" height=\"828\" src=\"http:\/\/canneslions.do\/wp-content\/uploads\/2025\/04\/banreservas-marketer.png\" alt=\"\" srcset=\"https:\/\/canneslions.do\/wp-content\/uploads\/2025\/04\/banreservas-marketer.png 906w, https:\/\/canneslions.do\/wp-content\/uploads\/2025\/04\/banreservas-marketer-300x300.png 300w, https:\/\/canneslions.do\/wp-content\/uploads\/2025\/04\/banreservas-marketer-150x150.png 150w, https:\/\/canneslions.do\/wp-content\/uploads\/2025\/04\/banreservas-marketer-768x766.png 768w\" sizes=\"auto, (max-width: 830px) 100vw, 830px\" \/>\t\t\t\t\t\t\t\t\t\t\t\t\t\t\t<\/p>\n<h3>Premiaci\u00f3n<\/h3>\n<p>El reconocimiento fue otorgado\u00a0 durante la Closing Gala de Cannes Dominicana<\/p>\n<p>El premio fue entregado por Ricardo Espaillat de RCC Media y fue recibido por Yubelkis Ram\u00edrez\u00a0 Vicepresidente\u00a0 de Mercadeo de la instituci\u00f3n.\u00a0<\/p>\n<p>\t\t\t\t\t\t\t\t\t\t\t\t\t\t\t<img loading=\"lazy\" decoding=\"async\" width=\"300\" height=\"300\" src=\"http:\/\/canneslions.do\/wp-content\/uploads\/2021\/12\/LOGOMYcon-colorin-300x300.jpg\" alt=\"\" srcset=\"https:\/\/canneslions.do\/wp-content\/uploads\/2021\/12\/LOGOMYcon-colorin-300x300.jpg 300w, https:\/\/canneslions.do\/wp-content\/uploads\/2021\/12\/LOGOMYcon-colorin-1024x1024.jpg 1024w, https:\/\/canneslions.do\/wp-content\/uploads\/2021\/12\/LOGOMYcon-colorin-150x150.jpg 150w, https:\/\/canneslions.do\/wp-content\/uploads\/2021\/12\/LOGOMYcon-colorin-768x768.jpg 768w, https:\/\/canneslions.do\/wp-content\/uploads\/2021\/12\/LOGOMYcon-colorin-1536x1536.jpg 1536w, https:\/\/canneslions.do\/wp-content\/uploads\/2021\/12\/LOGOMYcon-colorin-860x860.jpg 860w, https:\/\/canneslions.do\/wp-content\/uploads\/2021\/12\/LOGOMYcon-colorin.jpg 1654w\" sizes=\"auto, (max-width: 300px) 100vw, 300px\" \/><br \/>\n\t\t<a href=\"https:\/\/canneslions.do\/index.php\/marketeroftheyear2025\/\"><br \/>\n\t\t\t\t\t\tNominados 2025<br \/>\n\t\t<\/a><\/p>\n","protected":false},"excerpt":{"rendered":"<p>Marketer of the Year 2024 Banreservas Marketer of the Year por Color\u00edn es el premio m\u00e1s importante que se entrega a una empresa o marca en Rep\u00fablica Dominicana. Se eval\u00faan la creatividad, la responsabilidad social empresarial, estrategias y el posicionamiento de mercado, incluso cuando se trata de temas educativos como masterarbeit schreiben lassen (que significa &hellip; <\/p>\n","protected":false},"author":1,"featured_media":1598,"parent":0,"menu_order":0,"comment_status":"closed","ping_status":"closed","template":"","meta":{"footnotes":""},"class_list":["post-1973","page","type-page","status-publish","has-post-thumbnail","hentry"],"_links":{"self":[{"href":"https:\/\/canneslions.do\/index.php\/wp-json\/wp\/v2\/pages\/1973","targetHints":{"allow":["GET"]}}],"collection":[{"href":"https:\/\/canneslions.do\/index.php\/wp-json\/wp\/v2\/pages"}],"about":[{"href":"https:\/\/canneslions.do\/index.php\/wp-json\/wp\/v2\/types\/page"}],"author":[{"embeddable":true,"href":"https:\/\/canneslions.do\/index.php\/wp-json\/wp\/v2\/users\/1"}],"replies":[{"embeddable":true,"href":"https:\/\/canneslions.do\/index.php\/wp-json\/wp\/v2\/comments?post=1973"}],"version-history":[{"count":27,"href":"https:\/\/canneslions.do\/index.php\/wp-json\/wp\/v2\/pages\/1973\/revisions"}],"predecessor-version":[{"id":3753,"href":"https:\/\/canneslions.do\/index.php\/wp-json\/wp\/v2\/pages\/1973\/revisions\/3753"}],"wp:featuredmedia":[{"embeddable":true,"href":"https:\/\/canneslions.do\/index.php\/wp-json\/wp\/v2\/media\/1598"}],"wp:attachment":[{"href":"https:\/\/canneslions.do\/index.php\/wp-json\/wp\/v2\/media?parent=1973"}],"curies":[{"name":"wp","href":"https:\/\/api.w.org\/{rel}","templated":true}]}}