{"id":182,"date":"2020-05-18T06:01:08","date_gmt":"2020-05-18T06:01:08","guid":{"rendered":"http:\/\/canneslions.do\/?page_id=182"},"modified":"2025-05-28T08:03:49","modified_gmt":"2025-05-28T12:03:49","slug":"young-marketers","status":"publish","type":"page","link":"https:\/\/canneslions.do\/index.php\/young-marketers\/","title":{"rendered":"Young Marketers"},"content":{"rendered":"<p>En el a\u00f1o 2009 decidimos crear una competencia para que los j\u00f3venes mercad\u00f3logos asistieran a Cannes Lions ya que casi la mitad de los asistentes eran clientes y enviamos una joven mercad\u00f3loga a Cannes.<\/p>\n<p>Para la edici\u00f3n 2010 Cannes Lions decidi\u00f3 hacer esta competencia global y Rep\u00fablica Dominicana, en la primera competencia Mundial de Young Marketers gan\u00f3 la medalla de Oro de la mano de Eudy S\u00e1nchez y Virginia Perdomo. De hecho si la foto encima de este texto es de diferente calidad, simplemente es la foto original desde un celular de ese d\u00eda, donde RD estuvo primera.<\/p>\n<p>En el 2013 Mar\u00eda Elena Mor\u00e9 y Yasser M\u00e1rmol obtuvieron la medalla de plata. El 2015 fue otro a\u00f1o especial porque Leticia Cantarella y Paola Ramos ganaron Plata en la competencia.<\/p>\n<p>2022 nos trajo las primeras medallas de bronce de la mano de Laura Bernal y Ricardo Gomez.<\/p>\n<p>Dominicana es el pa\u00eds que m\u00e1s medallas tiene en la historia de Young Marketers. Somos el equipo a vencer y una potencia<\/p>\n<p><img loading=\"lazy\" decoding=\"async\" src=\"http:\/\/canneslions.do\/wp-content\/uploads\/2023\/05\/Foto-18-1024x576.png\" sizes=\"auto, (max-width: 830px) 100vw, 830px\" srcset=\"https:\/\/canneslions.do\/wp-content\/uploads\/2023\/05\/Foto-18-1024x576.png 1024w, https:\/\/canneslions.do\/wp-content\/uploads\/2023\/05\/Foto-18-300x169.png 300w, https:\/\/canneslions.do\/wp-content\/uploads\/2023\/05\/Foto-18-768x432.png 768w, https:\/\/canneslions.do\/wp-content\/uploads\/2023\/05\/Foto-18.png 1350w\" alt=\"\" width=\"830\" height=\"467\" \/><\/p>\n<h2>La Young Marketers Cup<\/h2>\n<p>Los Young Marketers compiten en Duplas (equipo de dos) en igualdad de condiciones. Tienen el mismo prebrief (generalmente un problema de una ONG) y deben presentar un brief creativo para resolverlo.<\/p>\n<p>No es lo mismo trabajar en mercadeo en una empresa u otra, por el presupuesto, facilidades y el poder de las marcas que representan. En Young Marketers nada de eso importa, solo la capacidad de generar ideas \u2014como si fueras un <a style=\"color: inherit; text-decoration: none;\" href=\"https:\/\/ghostwriter-oesterreich.at\/\">ghostwriter masterarbeit<\/a>\u2014 para mejorar a una entidad de bien.<\/p>\n<p>Las presentaciones son de un m\u00e1ximo de 15 slides y 5 minutos de duraci\u00f3n.<\/p>\n<p>El equipo ganador recibe en su empresa la Young Marketers Cup, que es una copa rotativa que mantiene hasta que otro equipo haya ganado. A la copa se le inscribe los nombres de los ganadores de cada edici\u00f3n.<\/p>\n<h2>Competencia 2025<\/h2>\n<p>Inscripci\u00f3n: 17500 RD$ por persona<\/p>\n<p>Se compite en Duplas. Solamente compiten quienes trabajan en departamentos de mercadeo de una marca. No pueden competir agencias en Marketers (para ellos Young Lions).<\/p>\n<p>Nacidos en fecha posterior al 20 de junio de 1994.<\/p>\n<p>Deben poder presentar en idioma Ingl\u00e9s ambos competidores.<\/p>\n<p>Bases actualizadas en breve.<\/p>\n<p>El Equipo Ganador recibe entrada al Festival de Cannes 2025 y el derecho a competir en Young Marketers Global representando a RD.<\/p>\n<p><a href=\"https:\/\/canneslions.do\/index.php\/2021\/04\/12\/formulario-de-inscripcion\/\"><br \/>\nInscr\u00edbete<br \/>\n<\/a><br \/>\n<a href=\"http:\/\/canneslions.do\/wp-content\/uploads\/2025\/04\/BASES-DE-PARTICIPACION-2025.pdf\"><br \/>\nBases de concurso<br \/>\n<\/a><\/p>\n","protected":false},"excerpt":{"rendered":"<p>En el a\u00f1o 2009 decidimos crear una competencia para que los j\u00f3venes mercad\u00f3logos asistieran a Cannes Lions ya que casi la mitad de los asistentes eran clientes y enviamos una joven mercad\u00f3loga a Cannes. Para la edici\u00f3n 2010 Cannes Lions decidi\u00f3 hacer esta competencia global y Rep\u00fablica Dominicana, en la primera competencia Mundial de Young &hellip; <\/p>\n","protected":false},"author":1,"featured_media":183,"parent":0,"menu_order":0,"comment_status":"closed","ping_status":"closed","template":"","meta":{"footnotes":""},"class_list":["post-182","page","type-page","status-publish","has-post-thumbnail","hentry"],"_links":{"self":[{"href":"https:\/\/canneslions.do\/index.php\/wp-json\/wp\/v2\/pages\/182","targetHints":{"allow":["GET"]}}],"collection":[{"href":"https:\/\/canneslions.do\/index.php\/wp-json\/wp\/v2\/pages"}],"about":[{"href":"https:\/\/canneslions.do\/index.php\/wp-json\/wp\/v2\/types\/page"}],"author":[{"embeddable":true,"href":"https:\/\/canneslions.do\/index.php\/wp-json\/wp\/v2\/users\/1"}],"replies":[{"embeddable":true,"href":"https:\/\/canneslions.do\/index.php\/wp-json\/wp\/v2\/comments?post=182"}],"version-history":[{"count":55,"href":"https:\/\/canneslions.do\/index.php\/wp-json\/wp\/v2\/pages\/182\/revisions"}],"predecessor-version":[{"id":3761,"href":"https:\/\/canneslions.do\/index.php\/wp-json\/wp\/v2\/pages\/182\/revisions\/3761"}],"wp:featuredmedia":[{"embeddable":true,"href":"https:\/\/canneslions.do\/index.php\/wp-json\/wp\/v2\/media\/183"}],"wp:attachment":[{"href":"https:\/\/canneslions.do\/index.php\/wp-json\/wp\/v2\/media?parent=182"}],"curies":[{"name":"wp","href":"https:\/\/api.w.org\/{rel}","templated":true}]}}